{"id":667,"date":"2023-01-09T08:59:17","date_gmt":"2023-01-09T08:59:17","guid":{"rendered":"http:\/\/gchughes-co-uk.stackstaging.com\/privacy-policy\/"},"modified":"2023-10-31T13:22:35","modified_gmt":"2023-10-31T13:22:35","slug":"privacy-policy","status":"publish","type":"page","link":"https:\/\/gchughes.co.uk\/cy\/privacy-policy\/","title":{"rendered":"Polisi Preifatrwydd"},"content":{"rendered":"<h3><strong>1. Rhagymadrodd<\/strong><\/h3>\n<p>1.1 Rydym wedi ymrwymo i ddiogelu preifatrwydd ymwelwyr ein gwefan a\u2019n defnyddwyr gwasanaeth.<\/p>\n<p>1.2 Mae\u2019r polisi hwn yn berthnasol pan fyddwn yn gweithredu fel rheolydd data mewn perthynas \u00e2 data personol ymwelwyr ein gwefan a\u2019n defnyddwyr gwasanaeth; mewn geiriau eraill, lle rydym ni\u2019n pennu dibenion a dulliau prosesu\u2019r data personol hwnnw.<\/p>\n<p>1.3 Trwy ddefnyddio ein gwefan a chytuno i\u2019r polisi hwn, rydych yn cydsynio i\u2019n defnydd o gwcis yn unol \u00e2 thelerau\u2019r polisi hwn.<\/p>\n<p>1.4 Yn y polisi hwn, mae \u201cni\u201d ac \u201cein\u201d yn cyfeirio at G Ceidiog Hughes Cyfyngedig.<\/p>\n<h3><strong>2. Credyd<\/strong><\/h3>\n<p>2.1 Cr\u00ebwyd y ddogfen hon trwy ddefnyddio templed gan SEQ Legal ( <u>https:\/\/seqlegal.com<\/u>).<\/p>\n<h3><strong>3. Sut rydym yn defnyddio eich data personol<\/strong><\/h3>\n<p>3.1 Yn yr Adran 3 hon rydym wedi nodi:<\/p>\n<p>(a) y categor\u00efau cyffredinol o ddata personol y gallwn eu prosesu;<\/p>\n<p>(b) y dibenion y gallwn brosesu data personol ar eu cyfer; a<\/p>\n<p>(c) seiliau cyfreithiol y prosesu.<\/p>\n<p>3.2 Mae\u2019n bosibl y byddwn yn prosesu data am eich defnydd o\u2019n gwefan a\u2019n gwasanaethau (&#8220;<strong>data gwasanaeth<\/strong>&#8220;). Gall y data defnydd gynnwys eich cyfeiriad IP, lleoliad daearyddol, math o borwr a fersiwn y porwr, system weithredu, ffynhonnell gyfeiriol, hyd yr ymweliad, edrychiadau ar dudalennau a llwybrau llywio gwefan, yn ogystal \u00e2 gwybodaeth am amseriad, amlder a phatrwm eich defnydd gwasanaeth. Ffynhonnell y data defnydd yw ein system tracio dadansoddeg. Gellir prosesu&#8217;r data defnydd hwn at ddibenion dadansoddi&#8217;r defnydd o&#8217;r wefan a&#8217;r gwasanaethau. Y sail gyfreithiol ar gyfer y prosesu hwn yw cydsyniad.<\/p>\n<p>3.3 Gallwn brosesu eich data personol a ddarperir yn ystod y defnydd o\u2019n gwasanaethau (&#8220;<strong>data gwasanaeth\u201d<\/strong>). Chi neu&#8217;ch cyflogwr yw ffynhonnell data&#8217;r gwasanaeth. Gellir prosesu data\u2019r gwasanaeth at ddibenion gweithredu ein gwefan, darparu ein gwasanaethau, sicrhau diogelwch ein gwefan a\u2019n gwasanaethau, cynnal cop\u00efau wrth gefn o\u2019n cronfeydd data a chyfathrebu \u00e2 chi. Y sail gyfreithiol ar gyfer y prosesu hwn yw cydsyniad NEU ein buddiannau cyfreithlon, sef gweinyddiad priodol ein gwefan a\u2019n busnes NEU berfformiad contract rhyngoch chi a ni a\/neu gymryd camau, ar eich cais, i ymrwymo i gontract o\u2019r fath.<\/p>\n<p>3.4 Gallwn brosesu gwybodaeth sydd wedi\u2019i chynnwys mewn unrhyw ymholiad y byddwch yn ei gyflwyno i ni ynghylch nwyddau a\/neu wasanaethau (&#8220;<strong>data ymholiad<\/strong>&#8220;). Gellir prosesu data ymholiad at ddibenion cynnig, marchnata a gwerthu nwyddau a\/neu wasanaethau perthnasol i chi. Y sail gyfreithiol ar gyfer y prosesu hwn yw cydsyniad.<\/p>\n<p>3.5 Mae\u2019n bosibl y byddwn yn prosesu\u2019r wybodaeth a roddwch i ni at ddibenion tanysgrifio i\u2019n hysbysiadau e-bost a\/neu gylchlythyrau (&#8220;<strong>data hysbysiadau<\/strong>&#8220;). Gellir prosesu&#8217;r data hysbysiadau at ddibenion anfon yr hysbysiadau a\/neu gylchlythyrau perthnasol atoch. Y sail gyfreithiol ar gyfer y prosesu hwn yw cydsyniad.<\/p>\n<p>3.6 Mae\u2019n bosibl y byddwn yn prosesu gwybodaeth sydd wedi\u2019i chynnwys mewn unrhyw gyfathrebiad y byddwch yn ei anfon atom, neu\u2019n ymwneud ag ef (&#8220;<strong>data gohebiaeth<\/strong>&#8220;). Gall y data gohebiaeth gynnwys y deunydd cyfathrebu a&#8217;r metadata sy&#8217;n gysylltiedig \u00e2&#8217;r cyfathrebiad. Bydd ein gwefan yn cynhyrchu&#8217;r metadata sy&#8217;n gysylltiedig \u00e2 chyfathrebiadau a wneir gan ddefnyddio ffurflenni cysylltu\u2019r wefan. Mae\u2019n bosibl y bydd y data gohebiaeth yn cael ei brosesu at ddibenion cyfathrebu \u00e2 chi a chadw cofnodion. Y sail gyfreithiol ar gyfer y prosesu hwn yw ein buddiannau cyfreithlon, sef gweinyddiaeth briodol ein gwefan a\u2019n busnes a chyfathrebu \u00e2 defnyddwyr.<\/p>\n<p>3.7 Gallwn brosesu unrhyw ran o\u2019ch data personol a nodir yn y polisi hwn lle bo angen ar gyfer sefydlu, arfer neu amddiffyn hawliadau cyfreithiol, boed hynny mewn achos llys neu mewn gweithdrefn weinyddol neu y tu allan i\u2019r llys. Y sail gyfreithiol ar gyfer y prosesu hwn yw ein buddiannau cyfreithlon, sef diogelu a mynnu ein hawliau cyfreithiol, eich hawliau cyfreithiol a hawliau cyfreithiol eraill.<\/p>\n<p>3.8 Yn ogystal \u00e2\u2019r dibenion penodol y gallwn brosesu eich data personol ar eu cyfer a nodir yn yr Adran 3 hon, gallwn hefyd brosesu unrhyw ran o\u2019ch data personol lle mae prosesu o\u2019r fath yn angenrheidiol er mwyn cydymffurfio \u00e2 rhwymedigaeth gyfreithiol yr ydym yn ddarostyngedig iddo, neu er mwyn gwarchod eich buddiannau hanfodol neu fuddiannau hanfodol person arall.<\/p>\n<p>3.9 Peidiwch \u00e2 rhoi data personol unrhyw berson arall i ni, oni bai ein bod yn eich annog i wneud hynny.<\/p>\n<h3><strong>4. Darparu eich data personol i eraill<\/strong><\/h3>\n<p>4.1 Gallwn ddatgelu eich data personol i unrhyw aelod o\u2019n gr\u0175p o gwmn\u00efau (mae hyn yn golygu ein his-gwmn\u00efau, ein cwmni daliannol terfynol a\u2019i holl is-gwmn\u00efau) cyn belled ag y bo\u2019n rhesymol angenrheidiol at y dibenion, ac ar y seiliau cyfreithiol, a nodir yn y polisi hwn.<\/p>\n<p>4.2 Gallwn ddatgelu eich data personol i\u2019n hyswirwyr a\/neu ymgynghorwyr proffesiynol cyn belled ag y bo\u2019n rhesymol angenrheidiol at ddibenion cael neu gynnal yswiriant, rheoli risgiau, cael cyngor proffesiynol, neu sefydlu, ymarfer neu amddiffyn hawliadau cyfreithiol, boed hynny mewn achos llys neu mewn gweithdrefn weinyddol neu y tu allan i&#8217;r llys.<\/p>\n<p>4.3 NEU mae&#8217;n bosibl y bydd trafodion ariannol sy&#8217;n ymwneud \u00e2&#8217;n gwasanaethau yn cael eu trin gan ein darparwyr gwasanaethau talu. Byddwn ond yn rhannu data trafodion gyda\u2019n darparwyr gwasanaethau talu i\u2019r graddau sy\u2019n angenrheidiol at ddibenion prosesu eich taliadau, ad-dalu taliadau o\u2019r fath ac ymdrin \u00e2 chwynion ac ymholiadau yn ymwneud \u00e2 thaliadau ac ad-daliadau o\u2019r fath. Gallwch ddod o hyd i wybodaeth am bolis\u00efau ac arferion preifatrwydd y darparwyr gwasanaethau talu ar wefannau perthnasol y tri darparwr uchod.<\/p>\n<p>4.4 Mae\u2019n bosibl y byddwn yn datgelu data eich ymholiad i un neu fwy o\u2019r cyflenwyr nwyddau a gwasanaethau trydydd parti dethol hynny a nodir ar ein gwefan er mwyn eu galluogi i gysylltu \u00e2 chi fel y gallant gynnig, marchnata a gwerthu nwyddau a\/neu gwasanaethau perthnasol i chi. Bydd pob trydydd parti o\u2019r fath yn gweithredu fel rheolydd data mewn perthynas \u00e2\u2019r data ymholiad a ddarparwn iddo; ac ar \u00f4l cysylltu \u00e2 chi, bydd pob trydydd parti o&#8217;r fath yn rhoi copi o&#8217;i bolisi preifatrwydd ei hun i chi, a fydd yn llywodraethu defnydd y trydydd parti hwnnw o&#8217;ch data personol. Dim ond gyda&#8217;ch caniat\u00e2d penodol y byddem yn gwneud yr uchod.<\/p>\n<p>4.5 Yn ogystal \u00e2\u2019r datgeliadau penodol o ddata personol a nodir yn yr Adran 4 hon, efallai y byddwn yn datgelu eich data personol lle mae datgeliad o\u2019r fath yn angenrheidiol er mwyn cydymffurfio \u00e2 rhwymedigaeth gyfreithiol yr ydym yn ddarostyngedig iddo, neu er mwyn diogelu eich buddiannau hanfodol neu fuddiannau hanfodol person arall. Mae\u2019n bosibl y byddwn hefyd yn datgelu eich data personol pan fo datgeliad o\u2019r fath yn angenrheidiol ar gyfer sefydlu, arfer neu amddiffyn hawliadau cyfreithiol, boed hynny mewn achos llys neu mewn gweithdrefn weinyddol neu y tu allan i\u2019r llys.<\/p>\n<h3><strong>5. Trosglwyddiadau rhyngwladol o&#8217;ch data personol<\/strong><\/h3>\n<p>5.1 Yn yr Adran 5 hon, rydym yn darparu gwybodaeth am yr amgylchiadau pan all eich data personol gael ei drosglwyddo i wledydd y tu allan i\u2019r Ardal Economaidd Ewropeaidd (AEE).<\/p>\n<p>5.2 Ddim yn berthnasol \u2013 Dim cyfleusterau y tu allan i&#8217;r DU<\/p>\n<p>5.3 Mae\u2019r cyfleusterau cynnal a chadw ar gyfer ein gwefan wedi\u2019u lleoli yn y <em>DU<\/em><\/p>\n<p>5.4 Lleolir <em>Google Analytics<\/em> yn <em>UDA.<\/em> Mae\u2019r Comisiwn Ewropeaidd wedi gwneud \u201cpenderfyniad digonolrwydd\u201d mewn perthynas \u00e2 chyfreithiau diogelu data pob un o\u2019r gwledydd hyn. Ceir rhagor o wybodaeth ar Wefan Google <a href=\"https:\/\/privacy.google.com\/businesses\/compliance\/\">https:\/\/privacy.google.com\/businesses\/compliance\/<\/a><\/p>\n<h3><strong>6. Cadw a dileu data personol<\/strong><\/h3>\n<p>6.1 Ni fydd data personol yr ydym yn ei brosesu at unrhyw ddiben neu ddibenion yn cael ei gadw am gyfnod hwy nag sy\u2019n angenrheidiol at y diben hwnnw neu\u2019r dibenion hynny.<\/p>\n<h3><strong>7. Gwelliannau<\/strong><\/h3>\n<p>7.1 Gallwn ddiweddaru\u2019r polisi hwn o bryd i\u2019w gilydd drwy gyhoeddi fersiwn newydd ar ein gwefan.<\/p>\n<p>7.2 Dylech wirio&#8217;r dudalen hon yn achlysurol i sicrhau eich bod yn hapus ag unrhyw newidiadau i&#8217;r polisi hwn.<\/p>\n<p>7.3 Mae\u2019n bosibl y byddwn yn eich hysbysu o newidiadau i\u2019r polisi hwn drwy e-bost neu drwy\u2019r system negeseuon preifat ar ein gwefan.<\/p>\n<h3><strong>8. Eich hawliau<\/strong><\/h3>\n<p>8.1 Gallwch ein cyfarwyddo i ddarparu unrhyw wybodaeth bersonol sydd gennym amdanoch; bydd darparu gwybodaeth o\u2019r fath yn amodol ar y canlynol:<\/p>\n<p>(a) Byddwn yn darparu copi o\u2019r wybodaeth yn rhad ac am ddim. Fodd bynnag, gallwn godi &#8216;t\u00e2l rhesymol&#8217; pan fo cais yn amlwg yn ddi-sail neu&#8217;n ormodol, yn enwedig os yw&#8217;n ailadroddus.<\/p>\n<p>(b) darparu tystiolaeth briodol o bwy ydych (at y diben hwn, byddwn fel arfer yn derbyn llungopi o\u2019ch pasbort wedi\u2019i ardystio gan gyfreithiwr neu fanc ynghyd \u00e2 chopi gwreiddiol o fil cyfleustodau yn dangos eich cyfeiriad presennol).<\/p>\n<p>8.2 Mae\u2019n bosibl y byddwn yn dal gwybodaeth bersonol y gofynnwch amdani yn \u00f4l i\u2019r graddau a ganiateir gan y gyfraith.<\/p>\n<p>8.3 Gallwch ein cyfarwyddo ar unrhyw adeg i beidio \u00e2 phrosesu eich gwybodaeth bersonol<\/p>\n<p>8.4 Yn ymarferol, byddwch fel arfer naill ai\u2019n cytuno\u2019n benodol ymlaen llaw i\u2019n defnydd o\u2019ch gwybodaeth bersonol at ddibenion marchnata, neu byddwn yn rhoi cyfle i chi optio allan o ddefnyddio eich gwybodaeth bersonol at ddibenion marchnata.<\/p>\n<h3><strong>9. Ynghylch cwcis<\/strong><\/h3>\n<p>9.1 Mae cwci yn ffeil sy&#8217;n cynnwys dynodwr (llinyn o lythrennau a rhifau) a anfonir gan weinydd gwe i borwr gwe ac sy&#8217;n cael ei storio gan y porwr. Yna mae&#8217;r dynodwr yn cael ei anfon yn \u00f4l i&#8217;r gweinydd bob tro mae&#8217;r porwr yn gofyn am dudalen gan y gweinydd.<\/p>\n<p>9.2 Gall cwcis fod naill ai\u2019n gwcis \u201cparhaus\u201d neu\u2019n gwcis \u201csesiwn\u201d: bydd cwci parhaus yn cael ei storio gan borwr gwe a bydd yn parhau\u2019n ddilys tan ei ddyddiad dod i ben penodol, oni bai ei fod yn cael ei ddileu gan y defnyddiwr cyn y dyddiad dod i ben; bydd cwci sesiwn, ar y llaw arall, yn dod i ben ar ddiwedd sesiwn y defnyddiwr, pan fydd y porwr gwe yn cael ei gau.<\/p>\n<p>9.3 Nid yw cwcis fel arfer yn cynnwys unrhyw wybodaeth sy\u2019n adnabod defnyddiwr yn bersonol, ond mae\u2019n bosibl y bydd gwybodaeth bersonol yr ydym yn ei storio amdanoch yn gysylltiedig \u00e2\u2019r wybodaeth sy\u2019n cael ei storio mewn cwcis ac a geir ohonynt.<\/p>\n<h3><strong>10. Cwcis a ddefnyddir gennym<\/strong><\/h3>\n<p>10.1 Rydym yn defnyddio cwcis at y dibenion canlynol:<\/p>\n<p>(a) dilysu \u2013 rydym yn defnyddio cwcis i\u2019ch adnabod pan fyddwch yn ymweld \u00e2\u2019n gwefan ac wrth i chi lywio ein gwefan.<\/p>\n<p>(b) diogelwch \u2013 rydym yn defnyddio cwcis fel elfen o\u2019r mesurau diogelwch a ddefnyddir i ddiogelu cyfrifon defnyddwyr, gan gynnwys atal defnydd twyllodrus o fanylion mewngofnodi, ac i ddiogelu ein gwefan a\u2019n gwasanaethau\u2019n gyffredinol.<\/p>\n<p>(c) dadansoddi \u2013 rydym yn defnyddio cwcis i\u2019n helpu i ddadansoddi defnydd a pherfformiad ein gwefan a\u2019n gwasanaethau; a<\/p>\n<p>d) caniat\u00e2d cwci \u2013 rydym yn defnyddio cwcis i storio eich dewisiadau mewn perthynas \u00e2 defnyddio cwcis yn fwy cyffredinol.<\/p>\n<h3><strong>11. Cwcis a ddefnyddir gan ein darparwyr gwasanaeth<\/strong><\/h3>\n<p>11.1 Mae ein darparwyr gwasanaeth yn defnyddio cwcis a gall y cwcis hynny gael eu storio ar eich cyfrifiadur pan fyddwch yn ymweld \u00e2\u2019n gwefan.<\/p>\n<p>11.2 Rydym yn defnyddio Google Analytics i ddadansoddi&#8217;r defnydd o&#8217;n gwefan. Mae Google Analytics yn casglu gwybodaeth am ddefnydd gwefan trwy gyfrwng cwcis. Defnyddir y wybodaeth a gesglir mewn perthynas \u00e2\u2019n gwefan i greu adroddiadau am y defnydd o\u2019n gwefan. Mae polisi preifatrwydd Google ar gael yn: <a href=\"https:\/\/www.google.com\/policies\/privacy\/\">https:\/\/www.google.com\/policies\/privacy\/<\/a>.<\/p>\n<h3><strong>12. Rheoli cwcis<\/strong><\/h3>\n<p>12.1 Mae\u2019r rhan fwyaf o borwyr yn caniat\u00e1u i chi wrthod derbyn cwcis a dileu cwcis. Mae&#8217;r dulliau ar gyfer gwneud hynny&#8217;n amrywio o borwr i borwr, ac o fersiwn i fersiwn. Fodd bynnag, gallwch gael y wybodaeth ddiweddaraf am rwystro a dileu cwcis trwy&#8217;r dolenni hyn:<\/p>\n<p>(a) <a href=\"https:\/\/support.google.com\/chrome\/answer\/95647?hl=en\">https:\/\/support.google.com\/chrome\/answer\/95647?hl=en<\/a> (Chrome);<\/p>\n<p>(b) <a href=\"https:\/\/support.mozilla.org\/en-US\/kb\/enable-and-disable-cookies-website-preferences\">https:\/\/support.mozilla.org\/en-US\/kb\/enable-and-disable-cookies-website-preferences<\/a> (Firefox);<\/p>\n<p>(c) <a href=\"http:\/\/www.opera.com\/help\/tutorials\/security\/cookies\/\">http:\/\/www.opera.com\/help\/tutorials\/security\/cookies\/<\/a> (Opera);<\/p>\n<p>(d) <a href=\"https:\/\/support.microsoft.com\/en-gb\/help\/17442\/windows-internet-explorer-delete-manage-cookies\">https:\/\/support.microsoft.com\/en-gb\/help\/17442\/windows-internet-explorer-delete-manage-cookies<\/a> (Internet Explorer);<\/p>\n<p>(e) <a href=\"https:\/\/support.apple.com\/kb\/PH21411\">https:\/\/support.apple.com\/kb\/PH21411<\/a> (Safari); an<\/p>\n<p>(f) <a href=\"https:\/\/privacy.microsoft.com\/en-us\/windows-10-microsoft-edge-and-privacy\">https:\/\/privacy.microsoft.com\/en-us\/windows-10-microsoft-edge-and-privacy<\/a> (Edge).<\/p>\n<p>12.2 Bydd rhwystro pob cwci yn cael effaith negyddol ar ddefnyddioldeb llawer o wefannau.<\/p>\n<p>12.3 Os byddwch yn rhwystro cwcis, ni fyddwch yn gallu defnyddio&#8217;r holl nodweddion ar ein gwefan.<\/p>\n<h3><strong>13. Ein manylion<\/strong><\/h3>\n<p>13.1 <strong>G Ceidiog Hughes <\/strong>sy&#8217;n berchen ar y wefan hon ac yn ei gweithredu.<\/p>\n<p>13.2 Rydym wedi ein cofrestru yng Nghymru a Lloegr dan rif cofrestru <strong>12716053<\/strong>, ac mae ein swyddfa gofrestredig yn <strong>40 Ffordd y Brwcws,<\/strong> <strong>Dinbych, LL16 4RQ.<\/strong><\/p>\n<p>13.3 Ein prif leoliad busnes yw <strong>40 Ffordd y Brwcws, Dinbych, LL16 4RQ.<\/strong><\/p>\n<p>13.4 Gallwch gysylltu \u00e2 ni:<\/p>\n<p>(a) drwy&#8217;r post, i&#8217;r cyfeiriad post a roddir uchod;<\/p>\n<p>b) defnyddio ein ffurflen gysylltu ar y wefan;<\/p>\n<p>(c) dros y ff\u00f4n, <strong>01978 350389<\/strong>; neu<\/p>\n<p>(d) drwy e-bost, gan <strong>ddefnyddio admin@gchughes.co.uk<\/strong> .<\/p>\n<h3><strong>14. Swyddog diogelu data<\/strong><\/h3>\n<p>14.1 Manylion cyswllt ein swyddog diogelu data yw: <strong>Gruffydd Hughes<\/strong>.<\/p>\n<p>&nbsp;<\/p>\n<p>&nbsp;<\/p>\n","protected":false},"excerpt":{"rendered":"<p>1. Rhagymadrodd 1.1 Rydym wedi ymrwymo i ddiogelu preifatrwydd ymwelwyr ein gwefan a\u2019n defnyddwyr gwasanaeth. 1.2 Mae\u2019r polisi hwn yn berthnasol pan fyddwn yn gweithredu fel rheolydd data mewn perthynas \u00e2 data personol ymwelwyr ein gwefan a\u2019n defnyddwyr gwasanaeth; mewn geiriau eraill, lle rydym ni\u2019n pennu dibenion a dulliau prosesu\u2019r data personol hwnnw. 1.3 Trwy [&hellip;]<\/p>\n","protected":false},"author":1,"featured_media":0,"parent":0,"menu_order":0,"comment_status":"closed","ping_status":"closed","template":"","meta":{"_et_pb_use_builder":"off","_et_pb_old_content":"","_et_gb_content_width":"","inline_featured_image":false,"_monsterinsights_skip_tracking":false,"_monsterinsights_sitenote_active":false,"_monsterinsights_sitenote_note":"","_monsterinsights_sitenote_category":0,"footnotes":""},"class_list":["post-667","page","type-page","status-publish","hentry"],"yoast_head":"<!-- This site is optimized with the Yoast SEO plugin v27.4 - https:\/\/yoast.com\/product\/yoast-seo-wordpress\/ -->\n<title>Polisi Preifatrwydd - G C Hughes Accountants<\/title>\n<meta name=\"robots\" content=\"index, follow, max-snippet:-1, max-image-preview:large, max-video-preview:-1\" \/>\n<link rel=\"canonical\" href=\"https:\/\/gchughes.co.uk\/cy\/privacy-policy\/\" \/>\n<meta property=\"og:locale\" content=\"cy_GB\" \/>\n<meta property=\"og:type\" content=\"article\" \/>\n<meta property=\"og:title\" content=\"Polisi Preifatrwydd - G C Hughes Accountants\" \/>\n<meta property=\"og:description\" content=\"1. Rhagymadrodd 1.1 Rydym wedi ymrwymo i ddiogelu preifatrwydd ymwelwyr ein gwefan a\u2019n defnyddwyr gwasanaeth. 1.2 Mae\u2019r polisi hwn yn berthnasol pan fyddwn yn gweithredu fel rheolydd data mewn perthynas \u00e2 data personol ymwelwyr ein gwefan a\u2019n defnyddwyr gwasanaeth; mewn geiriau eraill, lle rydym ni\u2019n pennu dibenion a dulliau prosesu\u2019r data personol hwnnw. 1.3 Trwy [&hellip;]\" \/>\n<meta property=\"og:url\" content=\"https:\/\/gchughes.co.uk\/cy\/privacy-policy\/\" \/>\n<meta property=\"og:site_name\" content=\"G C Hughes Accountants\" \/>\n<meta property=\"article:modified_time\" content=\"2023-10-31T13:22:35+00:00\" \/>\n<meta name=\"twitter:card\" content=\"summary_large_image\" \/>\n<meta name=\"twitter:label1\" content=\"Est. reading time\" \/>\n\t<meta name=\"twitter:data1\" content=\"9 minutes\" \/>\n<script type=\"application\/ld+json\" class=\"yoast-schema-graph\">{\"@context\":\"https:\\\/\\\/schema.org\",\"@graph\":[{\"@type\":\"WebPage\",\"@id\":\"https:\\\/\\\/gchughes.co.uk\\\/cy\\\/privacy-policy\\\/\",\"url\":\"https:\\\/\\\/gchughes.co.uk\\\/cy\\\/privacy-policy\\\/\",\"name\":\"Polisi Preifatrwydd - G C Hughes Accountants\",\"isPartOf\":{\"@id\":\"https:\\\/\\\/www.gchughes.co.uk\\\/cy\\\/#website\"},\"datePublished\":\"2023-01-09T08:59:17+00:00\",\"dateModified\":\"2023-10-31T13:22:35+00:00\",\"breadcrumb\":{\"@id\":\"https:\\\/\\\/gchughes.co.uk\\\/cy\\\/privacy-policy\\\/#breadcrumb\"},\"inLanguage\":\"cy-GB\",\"potentialAction\":[{\"@type\":\"ReadAction\",\"target\":[\"https:\\\/\\\/gchughes.co.uk\\\/cy\\\/privacy-policy\\\/\"]}]},{\"@type\":\"BreadcrumbList\",\"@id\":\"https:\\\/\\\/gchughes.co.uk\\\/cy\\\/privacy-policy\\\/#breadcrumb\",\"itemListElement\":[{\"@type\":\"ListItem\",\"position\":1,\"name\":\"Home\",\"item\":\"https:\\\/\\\/www.gchughes.co.uk\\\/cy\\\/home-2\\\/\"},{\"@type\":\"ListItem\",\"position\":2,\"name\":\"Polisi Preifatrwydd\"}]},{\"@type\":\"WebSite\",\"@id\":\"https:\\\/\\\/www.gchughes.co.uk\\\/cy\\\/#website\",\"url\":\"https:\\\/\\\/www.gchughes.co.uk\\\/cy\\\/\",\"name\":\"G C Hughes Accountants\",\"description\":\"\",\"publisher\":{\"@id\":\"https:\\\/\\\/www.gchughes.co.uk\\\/cy\\\/#organization\"},\"potentialAction\":[{\"@type\":\"SearchAction\",\"target\":{\"@type\":\"EntryPoint\",\"urlTemplate\":\"https:\\\/\\\/www.gchughes.co.uk\\\/cy\\\/?s={search_term_string}\"},\"query-input\":{\"@type\":\"PropertyValueSpecification\",\"valueRequired\":true,\"valueName\":\"search_term_string\"}}],\"inLanguage\":\"cy-GB\"},{\"@type\":\"Organization\",\"@id\":\"https:\\\/\\\/www.gchughes.co.uk\\\/cy\\\/#organization\",\"name\":\"G C Hughes Accountants\",\"url\":\"https:\\\/\\\/www.gchughes.co.uk\\\/cy\\\/\",\"logo\":{\"@type\":\"ImageObject\",\"inLanguage\":\"cy-GB\",\"@id\":\"https:\\\/\\\/www.gchughes.co.uk\\\/cy\\\/#\\\/schema\\\/logo\\\/image\\\/\",\"url\":\"https:\\\/\\\/gchughes.co.uk\\\/wp-content\\\/uploads\\\/2023\\\/01\\\/GCHughes_Logotype_Colour.png\",\"contentUrl\":\"https:\\\/\\\/gchughes.co.uk\\\/wp-content\\\/uploads\\\/2023\\\/01\\\/GCHughes_Logotype_Colour.png\",\"width\":4961,\"height\":1149,\"caption\":\"G C Hughes Accountants\"},\"image\":{\"@id\":\"https:\\\/\\\/www.gchughes.co.uk\\\/cy\\\/#\\\/schema\\\/logo\\\/image\\\/\"},\"sameAs\":[\"http:\\\/\\\/www.linkedin.com\\\/company\\\/gchughes\"]}]}<\/script>\n<!-- \/ Yoast SEO plugin. -->","yoast_head_json":{"title":"Polisi Preifatrwydd - G C Hughes Accountants","robots":{"index":"index","follow":"follow","max-snippet":"max-snippet:-1","max-image-preview":"max-image-preview:large","max-video-preview":"max-video-preview:-1"},"canonical":"https:\/\/gchughes.co.uk\/cy\/privacy-policy\/","og_locale":"cy_GB","og_type":"article","og_title":"Polisi Preifatrwydd - G C Hughes Accountants","og_description":"1. Rhagymadrodd 1.1 Rydym wedi ymrwymo i ddiogelu preifatrwydd ymwelwyr ein gwefan a\u2019n defnyddwyr gwasanaeth. 1.2 Mae\u2019r polisi hwn yn berthnasol pan fyddwn yn gweithredu fel rheolydd data mewn perthynas \u00e2 data personol ymwelwyr ein gwefan a\u2019n defnyddwyr gwasanaeth; mewn geiriau eraill, lle rydym ni\u2019n pennu dibenion a dulliau prosesu\u2019r data personol hwnnw. 1.3 Trwy [&hellip;]","og_url":"https:\/\/gchughes.co.uk\/cy\/privacy-policy\/","og_site_name":"G C Hughes Accountants","article_modified_time":"2023-10-31T13:22:35+00:00","twitter_card":"summary_large_image","twitter_misc":{"Est. reading time":"9 minutes"},"schema":{"@context":"https:\/\/schema.org","@graph":[{"@type":"WebPage","@id":"https:\/\/gchughes.co.uk\/cy\/privacy-policy\/","url":"https:\/\/gchughes.co.uk\/cy\/privacy-policy\/","name":"Polisi Preifatrwydd - G C Hughes Accountants","isPartOf":{"@id":"https:\/\/www.gchughes.co.uk\/cy\/#website"},"datePublished":"2023-01-09T08:59:17+00:00","dateModified":"2023-10-31T13:22:35+00:00","breadcrumb":{"@id":"https:\/\/gchughes.co.uk\/cy\/privacy-policy\/#breadcrumb"},"inLanguage":"cy-GB","potentialAction":[{"@type":"ReadAction","target":["https:\/\/gchughes.co.uk\/cy\/privacy-policy\/"]}]},{"@type":"BreadcrumbList","@id":"https:\/\/gchughes.co.uk\/cy\/privacy-policy\/#breadcrumb","itemListElement":[{"@type":"ListItem","position":1,"name":"Home","item":"https:\/\/www.gchughes.co.uk\/cy\/home-2\/"},{"@type":"ListItem","position":2,"name":"Polisi Preifatrwydd"}]},{"@type":"WebSite","@id":"https:\/\/www.gchughes.co.uk\/cy\/#website","url":"https:\/\/www.gchughes.co.uk\/cy\/","name":"G C Hughes Accountants","description":"","publisher":{"@id":"https:\/\/www.gchughes.co.uk\/cy\/#organization"},"potentialAction":[{"@type":"SearchAction","target":{"@type":"EntryPoint","urlTemplate":"https:\/\/www.gchughes.co.uk\/cy\/?s={search_term_string}"},"query-input":{"@type":"PropertyValueSpecification","valueRequired":true,"valueName":"search_term_string"}}],"inLanguage":"cy-GB"},{"@type":"Organization","@id":"https:\/\/www.gchughes.co.uk\/cy\/#organization","name":"G C Hughes Accountants","url":"https:\/\/www.gchughes.co.uk\/cy\/","logo":{"@type":"ImageObject","inLanguage":"cy-GB","@id":"https:\/\/www.gchughes.co.uk\/cy\/#\/schema\/logo\/image\/","url":"https:\/\/gchughes.co.uk\/wp-content\/uploads\/2023\/01\/GCHughes_Logotype_Colour.png","contentUrl":"https:\/\/gchughes.co.uk\/wp-content\/uploads\/2023\/01\/GCHughes_Logotype_Colour.png","width":4961,"height":1149,"caption":"G C Hughes Accountants"},"image":{"@id":"https:\/\/www.gchughes.co.uk\/cy\/#\/schema\/logo\/image\/"},"sameAs":["http:\/\/www.linkedin.com\/company\/gchughes"]}]}},"_links":{"self":[{"href":"https:\/\/gchughes.co.uk\/cy\/wp-json\/wp\/v2\/pages\/667","targetHints":{"allow":["GET"]}}],"collection":[{"href":"https:\/\/gchughes.co.uk\/cy\/wp-json\/wp\/v2\/pages"}],"about":[{"href":"https:\/\/gchughes.co.uk\/cy\/wp-json\/wp\/v2\/types\/page"}],"author":[{"embeddable":true,"href":"https:\/\/gchughes.co.uk\/cy\/wp-json\/wp\/v2\/users\/1"}],"replies":[{"embeddable":true,"href":"https:\/\/gchughes.co.uk\/cy\/wp-json\/wp\/v2\/comments?post=667"}],"version-history":[{"count":7,"href":"https:\/\/gchughes.co.uk\/cy\/wp-json\/wp\/v2\/pages\/667\/revisions"}],"predecessor-version":[{"id":749,"href":"https:\/\/gchughes.co.uk\/cy\/wp-json\/wp\/v2\/pages\/667\/revisions\/749"}],"wp:attachment":[{"href":"https:\/\/gchughes.co.uk\/cy\/wp-json\/wp\/v2\/media?parent=667"}],"curies":[{"name":"wp","href":"https:\/\/api.w.org\/{rel}","templated":true}]}}